{"id":18,"date":"2020-02-15T10:38:12","date_gmt":"2020-02-15T10:38:12","guid":{"rendered":"https:\/\/the7.io\/logistics\/?page_id=18"},"modified":"2023-10-25T10:19:03","modified_gmt":"2023-10-25T10:19:03","slug":"noticias","status":"publish","type":"page","link":"https:\/\/transportesfrigorificospadilla.com\/index.php\/noticias\/","title":{"rendered":"Noticias"},"content":{"rendered":"\t\t<div data-elementor-type=\"wp-page\" data-elementor-id=\"18\" class=\"elementor elementor-18\" data-elementor-post-type=\"page\">\n\t\t\t\t\t\t\t\t\t<section class=\"elementor-section elementor-top-section elementor-element elementor-element-6a0f6f7 elementor-section-content-middle elementor-section-boxed elementor-section-height-default elementor-section-height-default\" data-id=\"6a0f6f7\" data-element_type=\"section\">\n\t\t\t\t\t\t<div class=\"elementor-container elementor-column-gap-wider\">\n\t\t\t\t\t<div class=\"elementor-column elementor-col-50 elementor-top-column elementor-element elementor-element-eb23d2d\" data-id=\"eb23d2d\" data-element_type=\"column\">\n\t\t\t<div class=\"elementor-widget-wrap elementor-element-populated\">\n\t\t\t\t\t\t\t\t<div class=\"elementor-element elementor-element-3d6db17 elementor-widget elementor-widget-heading\" data-id=\"3d6db17\" data-element_type=\"widget\" data-widget_type=\"heading.default\">\n\t\t\t\t<div class=\"elementor-widget-container\">\n\t\t\t<h3 class=\"elementor-heading-title elementor-size-default\">Noticias e Informaci\u00f3n<\/h3>\t\t<\/div>\n\t\t\t\t<\/div>\n\t\t\t\t\t<\/div>\n\t\t<\/div>\n\t\t\t\t<div class=\"elementor-column elementor-col-50 elementor-top-column elementor-element elementor-element-a82018f\" data-id=\"a82018f\" data-element_type=\"column\">\n\t\t\t<div class=\"elementor-widget-wrap elementor-element-populated\">\n\t\t\t\t\t\t\t\t<div class=\"elementor-element elementor-element-8bd3be3 elementor-widget__width-auto elementor-widget elementor-widget-heading\" data-id=\"8bd3be3\" data-element_type=\"widget\" data-widget_type=\"heading.default\">\n\t\t\t\t<div class=\"elementor-widget-container\">\n\t\t\t<h3 class=\"elementor-heading-title elementor-size-default\">\u00daltimas novedades de la compa\u00f1\u00eda<\/h3>\t\t<\/div>\n\t\t\t\t<\/div>\n\t\t\t\t\t<\/div>\n\t\t<\/div>\n\t\t\t\t\t\t\t<\/div>\n\t\t<\/section>\n\t\t\t\t<section class=\"elementor-section elementor-top-section elementor-element elementor-element-90e689f elementor-section-boxed elementor-section-height-default elementor-section-height-default\" data-id=\"90e689f\" data-element_type=\"section\">\n\t\t\t\t\t\t<div class=\"elementor-container elementor-column-gap-wider\">\n\t\t\t\t\t<div class=\"elementor-column elementor-col-100 elementor-top-column elementor-element elementor-element-d3af813\" data-id=\"d3af813\" data-element_type=\"column\">\n\t\t\t<div class=\"elementor-widget-wrap elementor-element-populated\">\n\t\t\t\t\t\t\t\t<div class=\"elementor-element elementor-element-7738ee6 preserve-img-ratio-cover elementor-widget elementor-widget-the7_elements\" data-id=\"7738ee6\" data-element_type=\"widget\" data-widget_type=\"the7_elements.default\">\n\t\t\t\t<div class=\"elementor-widget-container\">\n\t\t\t<div class=\"portfolio-shortcode the7-elementor-widget the7_elements-7738ee6 mode-grid dt-css-grid-wrap classic-layout-list description-under-image content-bg-on resize-by-browser-width loading-effect-none\" data-padding=\"60px\" data-mobile-columns-num=\"1\" data-tablet-columns-num=\"2\" data-desktop-columns-num=\"3\" data-wide-desktop-columns-num=\"3\" data-post-limit=\"-1\" data-pagination-mode=\"standard\" data-scroll-offset=\"\"><div class=\"dt-css-grid custom-pagination-handler\"><div class=\"visible wf-cell\" data-post-id=\"1\" data-date=\"2023-01-25T12:32:10+00:00\" data-name=\"\u00a1Bienvenidos a la Nueva P\u00e1gina Web de Transportes Frigor\u00edficos Padilla!\"><article class=\"post visible post-1 type-post status-publish format-standard has-post-thumbnail hentry category-uncategorized\" data-name=\"\u00a1Bienvenidos a la Nueva P\u00e1gina Web de Transportes Frigor\u00edficos Padilla!\" data-date=\"2023-01-25T12:32:10+00:00\">\n\n\t<div class=\"post-thumbnail-wrap\">\n\t\t<div class=\"post-thumbnail\">\n\n\t\t\t<a class=\"post-thumbnail-rollover layzr-bg img-css-resize-wrapper\" aria-label=\"Post image\" href=\"https:\/\/transportesfrigorificospadilla.com\/index.php\/2023\/01\/25\/nueva-web-transportes-frigorificos-padilla\/\"><img fetchpriority=\"high\" decoding=\"async\" width=\"1920\" height=\"2560\" src=\"data:image\/svg+xml,%3Csvg%20xmlns%3D&#039;http%3A%2F%2Fwww.w3.org%2F2000%2Fsvg&#039;%20viewBox%3D&#039;0%200%201920%202560&#039;%2F%3E\" class=\"attachment-full size-full preload-me aspect lazy lazy-load\" alt=\"\" sizes=\"(max-width: 1920px) 100vw, 1920px\" style=\"--ratio: 1920 \/ 2560;\" data-src=\"https:\/\/transportesfrigorificospadilla.com\/wp-content\/uploads\/2023\/09\/20201210_092458-scaled.jpg\" loading=\"eager\" data-srcset=\"https:\/\/transportesfrigorificospadilla.com\/wp-content\/uploads\/2023\/09\/20201210_092458-scaled.jpg 1920w, https:\/\/transportesfrigorificospadilla.com\/wp-content\/uploads\/2023\/09\/20201210_092458-225x300.jpg 225w, https:\/\/transportesfrigorificospadilla.com\/wp-content\/uploads\/2023\/09\/20201210_092458-768x1024.jpg 768w, https:\/\/transportesfrigorificospadilla.com\/wp-content\/uploads\/2023\/09\/20201210_092458-1152x1536.jpg 1152w, https:\/\/transportesfrigorificospadilla.com\/wp-content\/uploads\/2023\/09\/20201210_092458-1536x2048.jpg 1536w\" \/><span class=\"the7-hover-icon\"><i aria-hidden=\"true\" class=\"fas fa-ellipsis-h\"><\/i><\/span><\/a>\n\t\t<\/div>\n\t<\/div>\n\n\n<div class=\"post-entry-content\">\n\n\t<h3 class=\"ele-entry-title\"><a href=\"https:\/\/transportesfrigorificospadilla.com\/index.php\/2023\/01\/25\/nueva-web-transportes-frigorificos-padilla\/\" rel=\"bookmark\" title=\"\u00a1Bienvenidos a la Nueva P\u00e1gina Web de Transportes Frigor\u00edficos Padilla!\">\u00a1Bienvenidos a la Nueva P\u00e1gina Web de Transportes Frigor\u00edficos Padilla!<\/a><\/h3><div class=\"entry-meta\"><a href=\"https:\/\/transportesfrigorificospadilla.com\/index.php\/2023\/01\/25\/\" title=\"12:32 pm\" class=\"meta-item data-link\" rel=\"bookmark\"><time class=\"entry-date updated\" datetime=\"2023-01-25T12:32:10+00:00\">enero 25, 2023<\/time><\/a><\/div>\n<\/div><\/article><\/div><\/div><!-- iso-container|iso-grid --><\/div>\t\t<\/div>\n\t\t\t\t<\/div>\n\t\t\t\t\t<\/div>\n\t\t<\/div>\n\t\t\t\t\t\t\t<\/div>\n\t\t<\/section>\n\t\t\t\t\t\t\t<\/div>\n\t\t","protected":false},"excerpt":{"rendered":"<p>Noticias e Informaci\u00f3n \u00daltimas novedades de la compa\u00f1\u00eda Hello world! enero 25, 2023<\/p>\n","protected":false},"author":1,"featured_media":145,"parent":0,"menu_order":50,"comment_status":"closed","ping_status":"closed","template":"","meta":{"footnotes":""},"class_list":["post-18","page","type-page","status-publish","has-post-thumbnail","hentry"],"yoast_head":"<!-- This site is optimized with the Yoast SEO plugin v21.4 - https:\/\/yoast.com\/wordpress\/plugins\/seo\/ -->\n<title>Noticias - Transportes Frigor&iacute;ficos Padilla<\/title>\n<meta name=\"robots\" content=\"index, follow, max-snippet:-1, max-image-preview:large, max-video-preview:-1\" \/>\n<link rel=\"canonical\" href=\"https:\/\/transportesfrigorificospadilla.com\/index.php\/noticias\/\" \/>\n<meta property=\"og:locale\" content=\"es_ES\" \/>\n<meta property=\"og:type\" content=\"article\" \/>\n<meta property=\"og:title\" content=\"Noticias - Transportes Frigor&iacute;ficos Padilla\" \/>\n<meta property=\"og:description\" content=\"Noticias e Informaci\u00f3n \u00daltimas novedades de la compa\u00f1\u00eda Hello world! enero 25, 2023\" \/>\n<meta property=\"og:url\" content=\"https:\/\/transportesfrigorificospadilla.com\/index.php\/noticias\/\" \/>\n<meta property=\"og:site_name\" content=\"Transportes Frigor&iacute;ficos Padilla\" \/>\n<meta property=\"article:modified_time\" content=\"2023-10-25T10:19:03+00:00\" \/>\n<meta property=\"og:image\" content=\"https:\/\/transportesfrigorificospadilla.com\/wp-content\/uploads\/2020\/02\/tr013.jpg\" \/>\n\t<meta property=\"og:image:width\" content=\"1500\" \/>\n\t<meta property=\"og:image:height\" content=\"1000\" \/>\n\t<meta property=\"og:image:type\" content=\"image\/jpeg\" \/>\n<meta name=\"twitter:card\" content=\"summary_large_image\" \/>\n<meta name=\"twitter:label1\" content=\"Tiempo de lectura\" \/>\n\t<meta name=\"twitter:data1\" content=\"1 minuto\" \/>\n<script type=\"application\/ld+json\" class=\"yoast-schema-graph\">{\"@context\":\"https:\/\/schema.org\",\"@graph\":[{\"@type\":\"WebPage\",\"@id\":\"https:\/\/transportesfrigorificospadilla.com\/index.php\/noticias\/\",\"url\":\"https:\/\/transportesfrigorificospadilla.com\/index.php\/noticias\/\",\"name\":\"Noticias - Transportes Frigor&iacute;ficos Padilla\",\"isPartOf\":{\"@id\":\"https:\/\/transportesfrigorificospadilla.com\/#website\"},\"datePublished\":\"2020-02-15T10:38:12+00:00\",\"dateModified\":\"2023-10-25T10:19:03+00:00\",\"breadcrumb\":{\"@id\":\"https:\/\/transportesfrigorificospadilla.com\/index.php\/noticias\/#breadcrumb\"},\"inLanguage\":\"es\",\"potentialAction\":[{\"@type\":\"ReadAction\",\"target\":[\"https:\/\/transportesfrigorificospadilla.com\/index.php\/noticias\/\"]}]},{\"@type\":\"BreadcrumbList\",\"@id\":\"https:\/\/transportesfrigorificospadilla.com\/index.php\/noticias\/#breadcrumb\",\"itemListElement\":[{\"@type\":\"ListItem\",\"position\":1,\"name\":\"Portada\",\"item\":\"https:\/\/transportesfrigorificospadilla.com\/\"},{\"@type\":\"ListItem\",\"position\":2,\"name\":\"Noticias\"}]},{\"@type\":\"WebSite\",\"@id\":\"https:\/\/transportesfrigorificospadilla.com\/#website\",\"url\":\"https:\/\/transportesfrigorificospadilla.com\/\",\"name\":\"Transportes Frigor&iacute;ficos Padilla\",\"description\":\"\",\"publisher\":{\"@id\":\"https:\/\/transportesfrigorificospadilla.com\/#organization\"},\"potentialAction\":[{\"@type\":\"SearchAction\",\"target\":{\"@type\":\"EntryPoint\",\"urlTemplate\":\"https:\/\/transportesfrigorificospadilla.com\/?s={search_term_string}\"},\"query-input\":\"required name=search_term_string\"}],\"inLanguage\":\"es\"},{\"@type\":\"Organization\",\"@id\":\"https:\/\/transportesfrigorificospadilla.com\/#organization\",\"name\":\"Transportes Frigor&iacute;ficos Padilla\",\"url\":\"https:\/\/transportesfrigorificospadilla.com\/\",\"logo\":{\"@type\":\"ImageObject\",\"inLanguage\":\"es\",\"@id\":\"https:\/\/transportesfrigorificospadilla.com\/#\/schema\/logo\/image\/\",\"url\":\"https:\/\/transportesfrigorificospadilla.com\/wp-content\/uploads\/2023\/08\/logo-padilla.png\",\"contentUrl\":\"https:\/\/transportesfrigorificospadilla.com\/wp-content\/uploads\/2023\/08\/logo-padilla.png\",\"width\":1204,\"height\":428,\"caption\":\"Transportes Frigor&iacute;ficos Padilla\"},\"image\":{\"@id\":\"https:\/\/transportesfrigorificospadilla.com\/#\/schema\/logo\/image\/\"}}]}<\/script>\n<!-- \/ Yoast SEO plugin. -->","yoast_head_json":{"title":"Noticias - Transportes Frigor&iacute;ficos Padilla","robots":{"index":"index","follow":"follow","max-snippet":"max-snippet:-1","max-image-preview":"max-image-preview:large","max-video-preview":"max-video-preview:-1"},"canonical":"https:\/\/transportesfrigorificospadilla.com\/index.php\/noticias\/","og_locale":"es_ES","og_type":"article","og_title":"Noticias - Transportes Frigor&iacute;ficos Padilla","og_description":"Noticias e Informaci\u00f3n \u00daltimas novedades de la compa\u00f1\u00eda Hello world! enero 25, 2023","og_url":"https:\/\/transportesfrigorificospadilla.com\/index.php\/noticias\/","og_site_name":"Transportes Frigor&iacute;ficos Padilla","article_modified_time":"2023-10-25T10:19:03+00:00","og_image":[{"width":1500,"height":1000,"url":"https:\/\/transportesfrigorificospadilla.com\/wp-content\/uploads\/2020\/02\/tr013.jpg","type":"image\/jpeg"}],"twitter_card":"summary_large_image","twitter_misc":{"Tiempo de lectura":"1 minuto"},"schema":{"@context":"https:\/\/schema.org","@graph":[{"@type":"WebPage","@id":"https:\/\/transportesfrigorificospadilla.com\/index.php\/noticias\/","url":"https:\/\/transportesfrigorificospadilla.com\/index.php\/noticias\/","name":"Noticias - Transportes Frigor&iacute;ficos Padilla","isPartOf":{"@id":"https:\/\/transportesfrigorificospadilla.com\/#website"},"datePublished":"2020-02-15T10:38:12+00:00","dateModified":"2023-10-25T10:19:03+00:00","breadcrumb":{"@id":"https:\/\/transportesfrigorificospadilla.com\/index.php\/noticias\/#breadcrumb"},"inLanguage":"es","potentialAction":[{"@type":"ReadAction","target":["https:\/\/transportesfrigorificospadilla.com\/index.php\/noticias\/"]}]},{"@type":"BreadcrumbList","@id":"https:\/\/transportesfrigorificospadilla.com\/index.php\/noticias\/#breadcrumb","itemListElement":[{"@type":"ListItem","position":1,"name":"Portada","item":"https:\/\/transportesfrigorificospadilla.com\/"},{"@type":"ListItem","position":2,"name":"Noticias"}]},{"@type":"WebSite","@id":"https:\/\/transportesfrigorificospadilla.com\/#website","url":"https:\/\/transportesfrigorificospadilla.com\/","name":"Transportes Frigor&iacute;ficos Padilla","description":"","publisher":{"@id":"https:\/\/transportesfrigorificospadilla.com\/#organization"},"potentialAction":[{"@type":"SearchAction","target":{"@type":"EntryPoint","urlTemplate":"https:\/\/transportesfrigorificospadilla.com\/?s={search_term_string}"},"query-input":"required name=search_term_string"}],"inLanguage":"es"},{"@type":"Organization","@id":"https:\/\/transportesfrigorificospadilla.com\/#organization","name":"Transportes Frigor&iacute;ficos Padilla","url":"https:\/\/transportesfrigorificospadilla.com\/","logo":{"@type":"ImageObject","inLanguage":"es","@id":"https:\/\/transportesfrigorificospadilla.com\/#\/schema\/logo\/image\/","url":"https:\/\/transportesfrigorificospadilla.com\/wp-content\/uploads\/2023\/08\/logo-padilla.png","contentUrl":"https:\/\/transportesfrigorificospadilla.com\/wp-content\/uploads\/2023\/08\/logo-padilla.png","width":1204,"height":428,"caption":"Transportes Frigor&iacute;ficos Padilla"},"image":{"@id":"https:\/\/transportesfrigorificospadilla.com\/#\/schema\/logo\/image\/"}}]}},"_links":{"self":[{"href":"https:\/\/transportesfrigorificospadilla.com\/index.php\/wp-json\/wp\/v2\/pages\/18","targetHints":{"allow":["GET"]}}],"collection":[{"href":"https:\/\/transportesfrigorificospadilla.com\/index.php\/wp-json\/wp\/v2\/pages"}],"about":[{"href":"https:\/\/transportesfrigorificospadilla.com\/index.php\/wp-json\/wp\/v2\/types\/page"}],"author":[{"embeddable":true,"href":"https:\/\/transportesfrigorificospadilla.com\/index.php\/wp-json\/wp\/v2\/users\/1"}],"replies":[{"embeddable":true,"href":"https:\/\/transportesfrigorificospadilla.com\/index.php\/wp-json\/wp\/v2\/comments?post=18"}],"version-history":[{"count":4,"href":"https:\/\/transportesfrigorificospadilla.com\/index.php\/wp-json\/wp\/v2\/pages\/18\/revisions"}],"predecessor-version":[{"id":6033,"href":"https:\/\/transportesfrigorificospadilla.com\/index.php\/wp-json\/wp\/v2\/pages\/18\/revisions\/6033"}],"wp:featuredmedia":[{"embeddable":true,"href":"https:\/\/transportesfrigorificospadilla.com\/index.php\/wp-json\/wp\/v2\/media\/145"}],"wp:attachment":[{"href":"https:\/\/transportesfrigorificospadilla.com\/index.php\/wp-json\/wp\/v2\/media?parent=18"}],"curies":[{"name":"wp","href":"https:\/\/api.w.org\/{rel}","templated":true}]}}